{"id":19727,"date":"2017-01-31T16:44:34","date_gmt":"2017-01-31T16:44:34","guid":{"rendered":"https:\/\/www.lacthosa.com\/sala-de-prensa"},"modified":"2018-08-03T17:53:31","modified_gmt":"2018-08-03T23:53:31","slug":"press-room","status":"publish","type":"page","link":"https:\/\/www.lacthosa.com\/en\/press-room","title":{"rendered":"Press Room"},"content":{"rendered":"<div class=\"wpb-content-wrapper\"><div id=\"vc_row-69f0b27e29867\" class=\"vc_row wpb_row vc_row-fluid\"><div class=\"wpb_column vc_column_container vc_col-sm-12\"><div class=\"vc_column-inner \"><div class=\"wpb_wrapper\"><div id=\"style-174f587\" data-style-uid=\"174f587\" class=\"blog blog-style-justified-3x justified-style-1 inline-row clearfix item-animation-move-up pagination-scroll\" data-next-page=\"0\" data-pages-count=\"1\">\n<article id=\"post-32345\" class=\"col-lg-4 col-md-4 col-sm-6 col-xs-6 inline-column item-animations-not-inited post-32345 post type-post status-publish format-standard has-post-thumbnail category-news tag-ceteco tag-fundahrse tag-rse\"> <div class=\"post-content-wrapper\" style=\"\"> <div class=\"post-image\"><div class=\"post-featured-content\"><a href=\"https:\/\/www.lacthosa.com\/en\/lacthosa-launches-its-first-sustainability-report\"> <picture> <img src=\"https:\/\/www.lacthosa.com\/wp-content\/uploads\/2019\/04\/lacthosa-presenta-su-primera-memoria-de-sostenibilidad-2016-2017-thegem-blog-justified.jpg\" width=\"640\" height=\"480\" class=\"img-responsive\" alt=\"Lacthosa presenta su primera Memoria de Sostenibilidad 2016-2017\" \/> <\/picture> <\/a><\/div><\/div> <div class=\"description\"> <div class=\"post-meta-conteiner\"> <div class=\"post-meta-right\"> <\/div> <\/div> <div class=\"post-title\"> <div class=\"entry-title title-h4\"><a href=\"https:\/\/www.lacthosa.com\/en\/lacthosa-launches-its-first-sustainability-report\" rel=\"bookmark\">22 Nov: <span class=\"light\">LACTHOSA launches its first Sustainability Report<\/span><\/a><\/div> <\/div> <div class=\"post-text\"> <div class=\"summary\"> <p>Lacthosa, through its Sustainability Report, announces its commitment to economic development, social benefit and the promotion of nutrition in the communities where it operates.<\/p> <\/div> <\/div> <div class=\"info clearfix\"> <div class=\"post-footer-sharing\"><div class=\"gem-button-container gem-button-position-inline thegem-button-69f0b27e3a63d5168\" ><a class=\"gem-button gem-button-size-tiny gem-button-style-flat gem-button-text-weight-normal gem-button-empty\" data-ll-effect=\"drop-right-without-wrap\" style=\"border-radius: 3px;\" onmouseleave=\"\" onmouseenter=\"\" href=\"#\" target=\"_self\" role=\"button\"><i class=\"gem-print-icon gem-icon-pack-thegem-icons gem-icon-share \"><\/i><\/a><\/div> <div class=\"sharing-popup\"> <div class=\"socials-sharing socials socials-colored-hover\"> <a class=\"socials-item\" target=\"_blank\" href=\"https:\/\/www.facebook.com\/sharer\/sharer.php?u=https%3A%2F%2Fwww.lacthosa.com%2Fen%2Flacthosa-launches-its-first-sustainability-report\" title=\"Facebook\"><i class=\"socials-item-icon facebook\"><\/i><\/a> <a class=\"socials-item\" target=\"_blank\" href=\"https:\/\/twitter.com\/intent\/tweet?text=LACTHOSA+launches+its+first+Sustainability+Report&#038;url=https%3A%2F%2Fwww.lacthosa.com%2Fen%2Flacthosa-launches-its-first-sustainability-report\" title=\"Twitter\"><i class=\"socials-item-icon twitter\"><\/i><\/a> <a class=\"socials-item\" target=\"_blank\" href=\"https:\/\/pinterest.com\/pin\/create\/button\/?url=https%3A%2F%2Fwww.lacthosa.com%2Fen%2Flacthosa-launches-its-first-sustainability-report&#038;description=LACTHOSA+launches+its+first+Sustainability+Report&#038;media=https%3A%2F%2Fwww.lacthosa.com%2Fwp-content%2Fuploads%2F2019%2F04%2Flacthosa-presenta-su-primera-memoria-de-sostenibilidad-2016-2017-thegem-blog-timeline-large.jpg\" title=\"Pinterest\"><i class=\"socials-item-icon pinterest\"><\/i><\/a> <a class=\"socials-item\" target=\"_blank\" href=\"https:\/\/www.tumblr.com\/widgets\/share\/tool?canonicalUrl=https%3A%2F%2Fwww.lacthosa.com%2Fen%2Flacthosa-launches-its-first-sustainability-report\" title=\"Tumblr\"><i class=\"socials-item-icon tumblr\"><\/i><\/a> <a class=\"socials-item\" target=\"_blank\" href=\"https:\/\/www.linkedin.com\/shareArticle?mini=true&#038;url=https%3A%2F%2Fwww.lacthosa.com%2Fen%2Flacthosa-launches-its-first-sustainability-report&#038;title=LACTHOSA+launches+its+first+Sustainability+Report&amp;summary=Lacthosa%2C+through+its+Sustainability+Report%2C+announces+its+commitment+to+economic+development%2C+social+benefit+and+the+promotion+of+nutrition+in+the+communities+where+it+operates.\" title=\"LinkedIn\"><i class=\"socials-item-icon linkedin\"><\/i><\/a> <a class=\"socials-item\" target=\"_blank\" href=\"https:\/\/www.reddit.com\/submit?url=https%3A%2F%2Fwww.lacthosa.com%2Fen%2Flacthosa-launches-its-first-sustainability-report&#038;title=LACTHOSA+launches+its+first+Sustainability+Report\" title=\"Reddit\"><i class=\"socials-item-icon reddit\"><\/i><\/a> <\/div> <svg class=\"sharing-styled-arrow\"><use xlink:href=\"https:\/\/www.lacthosa.com\/wp-content\/themes\/thegem\/css\/post-arrow.svg#dec-post-arrow\"><\/use><\/svg><\/div><\/div> <div class=\"post-read-more\"><div class=\"gem-button-container gem-button-position-inline thegem-button-69f0b27e3b0e37004\" ><a class=\"gem-button gem-button-size-tiny gem-button-style-outline gem-button-text-weight-normal gem-button-border-2\" data-ll-effect=\"drop-right-without-wrap\" style=\"border-radius: 3px;\" onmouseleave=\"\" onmouseenter=\"\" href=\"https:\/\/www.lacthosa.com\/en\/lacthosa-launches-its-first-sustainability-report\" target=\"_self\">Read More<\/a><\/div> <\/div> <\/div> <\/div> <\/div>\n<\/article>\n<\/div><\/div><\/div><\/div><\/div>\n<\/div>","protected":false},"excerpt":{"rendered":"","protected":false},"author":8,"featured_media":18930,"parent":0,"menu_order":0,"comment_status":"closed","ping_status":"closed","template":"","meta":{"_monsterinsights_skip_tracking":false,"_monsterinsights_sitenote_active":false,"_monsterinsights_sitenote_note":"","_monsterinsights_sitenote_category":0,"footnotes":""},"class_list":["post-19727","page","type-page","status-publish","has-post-thumbnail"],"acf":[],"yoast_head":"<!-- This site is optimized with the Yoast SEO plugin v27.5 - https:\/\/yoast.com\/product\/yoast-seo-wordpress\/ -->\n<title>Sala de Prensa | Mant\u00e9nte al tanto de las actividades de Lacthosa<\/title>\n<meta name=\"description\" content=\"En esta secci\u00f3n de Sala de Prensa encontrar\u00e1s las noticias destacadas y todas actividades realizadas por Lacthosa y sus marcas.\" \/>\n<meta name=\"robots\" content=\"index, follow, max-snippet:-1, max-image-preview:large, max-video-preview:-1\" \/>\n<link rel=\"canonical\" href=\"https:\/\/www.lacthosa.com\/en\/press-room\" \/>\n<meta property=\"og:locale\" content=\"en_US\" \/>\n<meta property=\"og:type\" content=\"article\" \/>\n<meta property=\"og:title\" content=\"Sala de Prensa | Mant\u00e9nte al tanto de las actividades de Lacthosa\" \/>\n<meta property=\"og:description\" content=\"En esta secci\u00f3n de Sala de Prensa encontrar\u00e1s las noticias destacadas y todas actividades realizadas por Lacthosa y sus marcas.\" \/>\n<meta property=\"og:url\" content=\"https:\/\/www.lacthosa.com\/en\/press-room\" \/>\n<meta property=\"og:site_name\" content=\"Lacthosa\" \/>\n<meta property=\"article:publisher\" content=\"https:\/\/www.facebook.com\/lacthosa\/\" \/>\n<meta property=\"article:modified_time\" content=\"2018-08-03T23:53:31+00:00\" \/>\n<meta property=\"og:image\" content=\"https:\/\/www.lacthosa.com\/wp-content\/uploads\/2017\/01\/lacthosa-sala-de-prensa.png\" \/>\n\t<meta property=\"og:image:width\" content=\"1906\" \/>\n\t<meta property=\"og:image:height\" content=\"919\" \/>\n\t<meta property=\"og:image:type\" content=\"image\/png\" \/>\n<meta name=\"twitter:card\" content=\"summary_large_image\" \/>\n<meta name=\"twitter:title\" content=\"Sala de Prensa | Mant\u00e9nte al tanto de las actividades de Lacthosa\" \/>\n<meta name=\"twitter:description\" content=\"En esta secci\u00f3n de Sala de Prensa encontrar\u00e1s las noticias destacadas y todas actividades realizadas por Lacthosa y sus marcas.\" \/>\n<meta name=\"twitter:image\" content=\"https:\/\/www.lacthosa.com\/wp-content\/uploads\/2017\/01\/lacthosa-sala-de-prensa.png\" \/>\n<script type=\"application\/ld+json\" class=\"yoast-schema-graph\">{\"@context\":\"https:\\\/\\\/schema.org\",\"@graph\":[{\"@type\":\"WebPage\",\"@id\":\"https:\\\/\\\/www.lacthosa.com\\\/en\\\/press-room\",\"url\":\"https:\\\/\\\/www.lacthosa.com\\\/en\\\/press-room\",\"name\":\"Sala de Prensa | Mant\u00e9nte al tanto de las actividades de Lacthosa\",\"isPartOf\":{\"@id\":\"https:\\\/\\\/www.lacthosa.com\\\/en#website\"},\"primaryImageOfPage\":{\"@id\":\"https:\\\/\\\/www.lacthosa.com\\\/en\\\/press-room#primaryimage\"},\"image\":{\"@id\":\"https:\\\/\\\/www.lacthosa.com\\\/en\\\/press-room#primaryimage\"},\"thumbnailUrl\":\"https:\\\/\\\/www.lacthosa.com\\\/wp-content\\\/uploads\\\/2017\\\/01\\\/lacthosa-sala-de-prensa.png\",\"datePublished\":\"2017-01-31T16:44:34+00:00\",\"dateModified\":\"2018-08-03T23:53:31+00:00\",\"description\":\"En esta secci\u00f3n de Sala de Prensa encontrar\u00e1s las noticias destacadas y todas actividades realizadas por Lacthosa y sus marcas.\",\"breadcrumb\":{\"@id\":\"https:\\\/\\\/www.lacthosa.com\\\/en\\\/press-room#breadcrumb\"},\"inLanguage\":\"en-US\",\"potentialAction\":[{\"@type\":\"ReadAction\",\"target\":[\"https:\\\/\\\/www.lacthosa.com\\\/en\\\/press-room\"]}]},{\"@type\":\"ImageObject\",\"inLanguage\":\"en-US\",\"@id\":\"https:\\\/\\\/www.lacthosa.com\\\/en\\\/press-room#primaryimage\",\"url\":\"https:\\\/\\\/www.lacthosa.com\\\/wp-content\\\/uploads\\\/2017\\\/01\\\/lacthosa-sala-de-prensa.png\",\"contentUrl\":\"https:\\\/\\\/www.lacthosa.com\\\/wp-content\\\/uploads\\\/2017\\\/01\\\/lacthosa-sala-de-prensa.png\",\"width\":1906,\"height\":919},{\"@type\":\"BreadcrumbList\",\"@id\":\"https:\\\/\\\/www.lacthosa.com\\\/en\\\/press-room#breadcrumb\",\"itemListElement\":[{\"@type\":\"ListItem\",\"position\":1,\"name\":\"Portada\",\"item\":\"https:\\\/\\\/www.lacthosa.com\\\/en\"},{\"@type\":\"ListItem\",\"position\":2,\"name\":\"Press Room\"}]},{\"@type\":\"WebSite\",\"@id\":\"https:\\\/\\\/www.lacthosa.com\\\/en#website\",\"url\":\"https:\\\/\\\/www.lacthosa.com\\\/en\",\"name\":\"Lacthosa\",\"description\":\"\",\"publisher\":{\"@id\":\"https:\\\/\\\/www.lacthosa.com\\\/en#organization\"},\"potentialAction\":[{\"@type\":\"SearchAction\",\"target\":{\"@type\":\"EntryPoint\",\"urlTemplate\":\"https:\\\/\\\/www.lacthosa.com\\\/en?s={search_term_string}\"},\"query-input\":{\"@type\":\"PropertyValueSpecification\",\"valueRequired\":true,\"valueName\":\"search_term_string\"}}],\"inLanguage\":\"en-US\"},{\"@type\":\"Organization\",\"@id\":\"https:\\\/\\\/www.lacthosa.com\\\/en#organization\",\"name\":\"Lacthosa\",\"url\":\"https:\\\/\\\/www.lacthosa.com\\\/en\",\"logo\":{\"@type\":\"ImageObject\",\"inLanguage\":\"en-US\",\"@id\":\"https:\\\/\\\/www.lacthosa.com\\\/en#\\\/schema\\\/logo\\\/image\\\/\",\"url\":\"https:\\\/\\\/www.lacthosa.com\\\/wp-content\\\/uploads\\\/2015\\\/04\\\/noticias-schucry-kafie-logo-lacthosa.jpg\",\"contentUrl\":\"https:\\\/\\\/www.lacthosa.com\\\/wp-content\\\/uploads\\\/2015\\\/04\\\/noticias-schucry-kafie-logo-lacthosa.jpg\",\"width\":720,\"height\":397,\"caption\":\"Lacthosa\"},\"image\":{\"@id\":\"https:\\\/\\\/www.lacthosa.com\\\/en#\\\/schema\\\/logo\\\/image\\\/\"},\"sameAs\":[\"https:\\\/\\\/www.facebook.com\\\/lacthosa\\\/\",\"https:\\\/\\\/www.linkedin.com\\\/company\\\/lacthosa-s-a\",\"https:\\\/\\\/www.youtube.com\\\/channel\\\/UCYYBf13zwGqVjL3dXZBvGVw\"]}]}<\/script>\n<!-- \/ Yoast SEO plugin. -->","yoast_head_json":{"title":"Sala de Prensa | Mant\u00e9nte al tanto de las actividades de Lacthosa","description":"En esta secci\u00f3n de Sala de Prensa encontrar\u00e1s las noticias destacadas y todas actividades realizadas por Lacthosa y sus marcas.","robots":{"index":"index","follow":"follow","max-snippet":"max-snippet:-1","max-image-preview":"max-image-preview:large","max-video-preview":"max-video-preview:-1"},"canonical":"https:\/\/www.lacthosa.com\/en\/press-room","og_locale":"en_US","og_type":"article","og_title":"Sala de Prensa | Mant\u00e9nte al tanto de las actividades de Lacthosa","og_description":"En esta secci\u00f3n de Sala de Prensa encontrar\u00e1s las noticias destacadas y todas actividades realizadas por Lacthosa y sus marcas.","og_url":"https:\/\/www.lacthosa.com\/en\/press-room","og_site_name":"Lacthosa","article_publisher":"https:\/\/www.facebook.com\/lacthosa\/","article_modified_time":"2018-08-03T23:53:31+00:00","og_image":[{"width":1906,"height":919,"url":"https:\/\/www.lacthosa.com\/wp-content\/uploads\/2017\/01\/lacthosa-sala-de-prensa.png","type":"image\/png"}],"twitter_card":"summary_large_image","twitter_title":"Sala de Prensa | Mant\u00e9nte al tanto de las actividades de Lacthosa","twitter_description":"En esta secci\u00f3n de Sala de Prensa encontrar\u00e1s las noticias destacadas y todas actividades realizadas por Lacthosa y sus marcas.","twitter_image":"https:\/\/www.lacthosa.com\/wp-content\/uploads\/2017\/01\/lacthosa-sala-de-prensa.png","schema":{"@context":"https:\/\/schema.org","@graph":[{"@type":"WebPage","@id":"https:\/\/www.lacthosa.com\/en\/press-room","url":"https:\/\/www.lacthosa.com\/en\/press-room","name":"Sala de Prensa | Mant\u00e9nte al tanto de las actividades de Lacthosa","isPartOf":{"@id":"https:\/\/www.lacthosa.com\/en#website"},"primaryImageOfPage":{"@id":"https:\/\/www.lacthosa.com\/en\/press-room#primaryimage"},"image":{"@id":"https:\/\/www.lacthosa.com\/en\/press-room#primaryimage"},"thumbnailUrl":"https:\/\/www.lacthosa.com\/wp-content\/uploads\/2017\/01\/lacthosa-sala-de-prensa.png","datePublished":"2017-01-31T16:44:34+00:00","dateModified":"2018-08-03T23:53:31+00:00","description":"En esta secci\u00f3n de Sala de Prensa encontrar\u00e1s las noticias destacadas y todas actividades realizadas por Lacthosa y sus marcas.","breadcrumb":{"@id":"https:\/\/www.lacthosa.com\/en\/press-room#breadcrumb"},"inLanguage":"en-US","potentialAction":[{"@type":"ReadAction","target":["https:\/\/www.lacthosa.com\/en\/press-room"]}]},{"@type":"ImageObject","inLanguage":"en-US","@id":"https:\/\/www.lacthosa.com\/en\/press-room#primaryimage","url":"https:\/\/www.lacthosa.com\/wp-content\/uploads\/2017\/01\/lacthosa-sala-de-prensa.png","contentUrl":"https:\/\/www.lacthosa.com\/wp-content\/uploads\/2017\/01\/lacthosa-sala-de-prensa.png","width":1906,"height":919},{"@type":"BreadcrumbList","@id":"https:\/\/www.lacthosa.com\/en\/press-room#breadcrumb","itemListElement":[{"@type":"ListItem","position":1,"name":"Portada","item":"https:\/\/www.lacthosa.com\/en"},{"@type":"ListItem","position":2,"name":"Press Room"}]},{"@type":"WebSite","@id":"https:\/\/www.lacthosa.com\/en#website","url":"https:\/\/www.lacthosa.com\/en","name":"Lacthosa","description":"","publisher":{"@id":"https:\/\/www.lacthosa.com\/en#organization"},"potentialAction":[{"@type":"SearchAction","target":{"@type":"EntryPoint","urlTemplate":"https:\/\/www.lacthosa.com\/en?s={search_term_string}"},"query-input":{"@type":"PropertyValueSpecification","valueRequired":true,"valueName":"search_term_string"}}],"inLanguage":"en-US"},{"@type":"Organization","@id":"https:\/\/www.lacthosa.com\/en#organization","name":"Lacthosa","url":"https:\/\/www.lacthosa.com\/en","logo":{"@type":"ImageObject","inLanguage":"en-US","@id":"https:\/\/www.lacthosa.com\/en#\/schema\/logo\/image\/","url":"https:\/\/www.lacthosa.com\/wp-content\/uploads\/2015\/04\/noticias-schucry-kafie-logo-lacthosa.jpg","contentUrl":"https:\/\/www.lacthosa.com\/wp-content\/uploads\/2015\/04\/noticias-schucry-kafie-logo-lacthosa.jpg","width":720,"height":397,"caption":"Lacthosa"},"image":{"@id":"https:\/\/www.lacthosa.com\/en#\/schema\/logo\/image\/"},"sameAs":["https:\/\/www.facebook.com\/lacthosa\/","https:\/\/www.linkedin.com\/company\/lacthosa-s-a","https:\/\/www.youtube.com\/channel\/UCYYBf13zwGqVjL3dXZBvGVw"]}]}},"_links":{"self":[{"href":"https:\/\/www.lacthosa.com\/en\/wp-json\/wp\/v2\/pages\/19727","targetHints":{"allow":["GET"]}}],"collection":[{"href":"https:\/\/www.lacthosa.com\/en\/wp-json\/wp\/v2\/pages"}],"about":[{"href":"https:\/\/www.lacthosa.com\/en\/wp-json\/wp\/v2\/types\/page"}],"author":[{"embeddable":true,"href":"https:\/\/www.lacthosa.com\/en\/wp-json\/wp\/v2\/users\/8"}],"replies":[{"embeddable":true,"href":"https:\/\/www.lacthosa.com\/en\/wp-json\/wp\/v2\/comments?post=19727"}],"version-history":[{"count":0,"href":"https:\/\/www.lacthosa.com\/en\/wp-json\/wp\/v2\/pages\/19727\/revisions"}],"wp:featuredmedia":[{"embeddable":true,"href":"https:\/\/www.lacthosa.com\/en\/wp-json\/wp\/v2\/media\/18930"}],"wp:attachment":[{"href":"https:\/\/www.lacthosa.com\/en\/wp-json\/wp\/v2\/media?parent=19727"}],"curies":[{"name":"wp","href":"https:\/\/api.w.org\/{rel}","templated":true}]}}