{"id":19695,"date":"2017-02-02T22:26:47","date_gmt":"2017-02-02T22:26:47","guid":{"rendered":"https:\/\/www.lacthosa.com\/somos-manos-hondurenas"},"modified":"2018-08-03T15:18:33","modified_gmt":"2018-08-03T21:18:33","slug":"we-are-honduran-hands","status":"publish","type":"page","link":"https:\/\/www.lacthosa.com\/en\/we-are-honduran-hands","title":{"rendered":"We are Honduran hands"},"content":{"rendered":"<div class=\"wpb-content-wrapper\"><div id=\"vc_row-69f0b74d741f1\" class=\"vc_row wpb_row vc_row-fluid vc_row-o-equal-height vc_row-o-content-middle vc_row-flex\"><div class=\"wpb_column vc_column_container vc_col-sm-4\"><div class=\"vc_column-inner \"><div class=\"wpb_wrapper\">\r\n\t\r\n\t<div  class=\"wpb_single_image wpb_content_element vc_align_center  wpb_animate_when_almost_visible wpb_fadeInLeft fadeInLeft  lacthosa-logo-img\" >\r\n\t\t\r\n\t\t<figure class=\"wpb_wrapper vc_figure\">\r\n\t\t\t<div class=\"vc_single_image-wrapper   vc_box_border_grey\"><img width=\"720\" height=\"463\" src=\"https:\/\/www.lacthosa.com\/wp-content\/uploads\/2017\/02\/logo-sula-somos-manos-hondurenas.png\" class=\"vc_single_image-img attachment-full\" alt=\"\" title=\"Logo Somos Manos Hondure\u00f1as\" srcset=\"https:\/\/www.lacthosa.com\/wp-content\/uploads\/2017\/02\/logo-sula-somos-manos-hondurenas.png 720w, https:\/\/www.lacthosa.com\/wp-content\/uploads\/2017\/02\/logo-sula-somos-manos-hondurenas-300x193.png 300w, https:\/\/www.lacthosa.com\/wp-content\/uploads\/2017\/02\/logo-sula-somos-manos-hondurenas-24x15.png 24w, https:\/\/www.lacthosa.com\/wp-content\/uploads\/2017\/02\/logo-sula-somos-manos-hondurenas-36x23.png 36w, https:\/\/www.lacthosa.com\/wp-content\/uploads\/2017\/02\/logo-sula-somos-manos-hondurenas-48x31.png 48w\" sizes=\"(max-width: 720px) 100vw, 720px\" \/><\/div>\r\n\t\t<\/figure>\r\n\t<\/div>\r\n\t\r\n<\/div><\/div><\/div><div class=\"wpb_column vc_column_container vc_col-sm-8\"><div class=\"vc_column-inner \"><div class=\"wpb_wrapper\">\r\n\t\r\n\t\t<div class=\"wpb_text_column wpb_content_element  wpb_animate_when_almost_visible wpb_fadeInRight fadeInRight lacthosa-center-text thegem-vc-text thegem-custom-69f0b74d812d73274\"  >\r\n\t\t\t<div class=\"wpb_wrapper\">\r\n\t\t\t\t<blockquote>\n<p>We are a 100% Honduran company: our main raw material is the result of the country&#8217;s agriculture; milk and citrus fruits generate development in their areas of influence.<\/p>\n<\/blockquote>\n\r\n\t\t\t<\/div>\r\n\t\t\t<style>@media screen and (max-width: 1023px) {.thegem-vc-text.thegem-custom-69f0b74d812d73274{display: block!important;}}@media screen and (max-width: 767px) {.thegem-vc-text.thegem-custom-69f0b74d812d73274{display: block!important;}}@media screen and (max-width: 1023px) {.thegem-vc-text.thegem-custom-69f0b74d812d73274{position: relative !important;}}@media screen and (max-width: 767px) {.thegem-vc-text.thegem-custom-69f0b74d812d73274{position: relative !important;}}<\/style>\r\n\t\t<\/div>\r\n\t\r\n<\/div><\/div><\/div><\/div><div id=\"vc_row-69f0b74d816f1\" class=\"vc_row wpb_row vc_row-fluid\"><div class=\"wpb_column vc_column_container vc_col-sm-12\"><div class=\"vc_column-inner \"><div class=\"wpb_wrapper\">\r\n\t\r\n\t\t<div class=\"wpb_text_column wpb_content_element  thegem-vc-text thegem-custom-69f0b74d81c948413\"  >\r\n\t\t\t<div class=\"wpb_wrapper\">\r\n\t\t\t\t<p style=\"text-align: justify;\">As a socially responsible company, we have believed in our country, being involved in its growth and sustainable development, in partnership with our livestock suppliers, we work to improve milk quality, generate technical knowledge in the field to more than 4,600 direct agricultural suppliers nationwide. In this way we can always offer the best products to our consumers.<\/p>\n<p style=\"text-align: justify;\">Lacthosa has forged a value chain that shows that in Honduras we are able to produce with quality using as raw material, the milk and oranges from our Honduran fields, by involving directly and indirectly thousands of people.<\/p>\n\r\n\t\t\t<\/div>\r\n\t\t\t<style>@media screen and (max-width: 1023px) {.thegem-vc-text.thegem-custom-69f0b74d81c948413{display: block!important;}}@media screen and (max-width: 767px) {.thegem-vc-text.thegem-custom-69f0b74d81c948413{display: block!important;}}@media screen and (max-width: 1023px) {.thegem-vc-text.thegem-custom-69f0b74d81c948413{position: relative !important;}}@media screen and (max-width: 767px) {.thegem-vc-text.thegem-custom-69f0b74d81c948413{position: relative !important;}}<\/style>\r\n\t\t<\/div>\r\n\t\r\n<\/div><\/div><\/div><div class=\"wpb_column vc_column_container vc_col-sm-6\"><div class=\"vc_column-inner \"><div class=\"wpb_wrapper\">\r\n\t\r\n\t\t<div class=\"wpb_text_column wpb_content_element  thegem-vc-text thegem-custom-69f0b74d821922660\"  >\r\n\t\t\t<div class=\"wpb_wrapper\">\r\n\t\t\t\t<p style=\"text-align: justify;\">The Honduran dairy production chain, today, is orderly, and stable, with sustainable growth in the last years of 4% per year in milk production. We ensure the purchase of more than 140 million liters of milk annually which represents 20% of the national production.<\/p>\n<p style=\"text-align: justify;\">We started this comprehensive strategy in 1998 when Lacthosa established the first 40 Milk Collection and Cooling Centers (CRELs),  to assist milk suppliers with appropriate equipment and physical facilities for the proper handling of raw milk.<\/p>\n<p style=\"text-align: justify;\">We have invested in the installation and operation of 104 Collection and Cooling Centers at national level, which benefit more than 14 thousand families living in rural areas.<\/p>\n\r\n\t\t\t<\/div>\r\n\t\t\t<style>@media screen and (max-width: 1023px) {.thegem-vc-text.thegem-custom-69f0b74d821922660{display: block!important;}}@media screen and (max-width: 767px) {.thegem-vc-text.thegem-custom-69f0b74d821922660{display: block!important;}}@media screen and (max-width: 1023px) {.thegem-vc-text.thegem-custom-69f0b74d821922660{position: relative !important;}}@media screen and (max-width: 767px) {.thegem-vc-text.thegem-custom-69f0b74d821922660{position: relative !important;}}<\/style>\r\n\t\t<\/div>\r\n\t\r\n<\/div><\/div><\/div><div class=\"wpb_column vc_column_container vc_col-sm-6\"><div class=\"vc_column-inner \"><div class=\"wpb_wrapper\">\n\t<div class=\"wpb_raw_code wpb_raw_html wpb_content_element\" >\n\t\t<div class=\"wpb_wrapper\">\n\t\t\t<style>.embed-container { position: relative; padding-bottom: 56.25%; height: 0; overflow: hidden; max-width: 100%; } .embed-container iframe, .embed-container object, .embed-container embed { position: absolute; top: 0; left: 0; width: 100%; height: 100%; }<\/style><div class='embed-container'><iframe src='https:\/\/www.youtube.com\/embed\/xn-wSgNrBqE' frameborder='0' allowfullscreen><\/iframe><\/div>\n\t\t<\/div>\n\t<\/div>\n<\/div><\/div><\/div><div class=\"wpb_column vc_column_container vc_col-sm-12\"><div class=\"vc_column-inner \"><div class=\"wpb_wrapper\">\r\n\t\r\n\t\t<div class=\"wpb_text_column wpb_content_element  thegem-vc-text thegem-custom-69f0b74d82c303837\"  >\r\n\t\t\t<div class=\"wpb_wrapper\">\r\n\t\t\t\t<p style=\"text-align: justify;\">In the citrus sector, we support the country&#8217;s citrus grower with the purchase of more than 80,000 tons of oranges a year from more than 2,000 small farmers in Sonaguera, Col\u00f3n. As a responsible company we have a certified nursery for the production of healthy plants. The nursery has the capacity to supply 250 thousand plants annually.<\/p>\n<p style=\"text-align: justify;\">Our commitment is to support the national producer, they provide us with the raw material we need to be present every day contributing nutrition and health at the table of thousands of Honduran families.<\/p>\n<p style=\"text-align: justify;\">We are Honduran Hands that with work, dedication and effort have made Honduras great <\/p>\n\r\n\t\t\t<\/div>\r\n\t\t\t<style>@media screen and (max-width: 1023px) {.thegem-vc-text.thegem-custom-69f0b74d82c303837{display: block!important;}}@media screen and (max-width: 767px) {.thegem-vc-text.thegem-custom-69f0b74d82c303837{display: block!important;}}@media screen and (max-width: 1023px) {.thegem-vc-text.thegem-custom-69f0b74d82c303837{position: relative !important;}}@media screen and (max-width: 767px) {.thegem-vc-text.thegem-custom-69f0b74d82c303837{position: relative !important;}}<\/style>\r\n\t\t<\/div>\r\n\t\r\n<\/div><\/div><\/div><\/div><div id=\"vc_row-69f0b74d82f88\" class=\"vc_row wpb_row vc_row-fluid\"><div class=\"wpb_column vc_column_container vc_col-sm-12\"><div class=\"vc_column-inner \"><div class=\"wpb_wrapper\"><\/div><\/div><\/div><\/div>\n<\/div>","protected":false},"excerpt":{"rendered":"","protected":false},"author":8,"featured_media":19053,"parent":0,"menu_order":0,"comment_status":"closed","ping_status":"closed","template":"","meta":{"_monsterinsights_skip_tracking":false,"_monsterinsights_sitenote_active":false,"_monsterinsights_sitenote_note":"","_monsterinsights_sitenote_category":0,"footnotes":""},"class_list":["post-19695","page","type-page","status-publish","has-post-thumbnail"],"acf":[],"yoast_head":"<!-- This site is optimized with the Yoast SEO plugin v27.5 - https:\/\/yoast.com\/product\/yoast-seo-wordpress\/ -->\n<title>Somos manos hondure\u00f1as | Lacthosa una empresa 100% hondure\u00f1a<\/title>\n<meta name=\"description\" content=\"Somos una empresa 100% hondure\u00f1a: nuestra materia prima principal es fruto de la agricultura del pa\u00eds, la leche y las frutas, somos manos hondure\u00f1as.\" \/>\n<meta name=\"robots\" content=\"index, follow, max-snippet:-1, max-image-preview:large, max-video-preview:-1\" \/>\n<link rel=\"canonical\" href=\"https:\/\/www.lacthosa.com\/en\/we-are-honduran-hands\" \/>\n<meta property=\"og:locale\" content=\"en_US\" \/>\n<meta property=\"og:type\" content=\"article\" \/>\n<meta property=\"og:title\" content=\"Somos manos hondure\u00f1as | Lacthosa una empresa 100% hondure\u00f1a\" \/>\n<meta property=\"og:description\" content=\"Somos una empresa 100% hondure\u00f1a: nuestra materia prima principal es fruto de la agricultura del pa\u00eds, la leche y las frutas, somos manos hondure\u00f1as.\" \/>\n<meta property=\"og:url\" content=\"https:\/\/www.lacthosa.com\/en\/we-are-honduran-hands\" \/>\n<meta property=\"og:site_name\" content=\"Lacthosa\" \/>\n<meta property=\"article:publisher\" content=\"https:\/\/www.facebook.com\/lacthosa\/\" \/>\n<meta property=\"article:modified_time\" content=\"2018-08-03T21:18:33+00:00\" \/>\n<meta property=\"og:image\" content=\"https:\/\/www.lacthosa.com\/wp-content\/uploads\/2017\/12\/somos-manos-hondurenas.png\" \/>\n\t<meta property=\"og:image:width\" content=\"1907\" \/>\n\t<meta property=\"og:image:height\" content=\"920\" \/>\n\t<meta property=\"og:image:type\" content=\"image\/png\" \/>\n<meta name=\"twitter:card\" content=\"summary_large_image\" \/>\n<meta name=\"twitter:title\" content=\"Somos manos hondure\u00f1as | Lacthosa una empresa 100% hondure\u00f1a\" \/>\n<meta name=\"twitter:description\" content=\"Somos una empresa 100% hondure\u00f1a: nuestra materia prima principal es fruto de la agricultura del pa\u00eds, la leche y las frutas, somos manos hondure\u00f1as.\" \/>\n<meta name=\"twitter:image\" content=\"https:\/\/www.lacthosa.com\/wp-content\/uploads\/2017\/12\/somos-manos-hondurenas.png\" \/>\n<meta name=\"twitter:label1\" content=\"Est. reading time\" \/>\n\t<meta name=\"twitter:data1\" content=\"2 minutes\" \/>\n<script type=\"application\/ld+json\" class=\"yoast-schema-graph\">{\"@context\":\"https:\\\/\\\/schema.org\",\"@graph\":[{\"@type\":\"WebPage\",\"@id\":\"https:\\\/\\\/www.lacthosa.com\\\/en\\\/we-are-honduran-hands\",\"url\":\"https:\\\/\\\/www.lacthosa.com\\\/en\\\/we-are-honduran-hands\",\"name\":\"Somos manos hondure\u00f1as | Lacthosa una empresa 100% hondure\u00f1a\",\"isPartOf\":{\"@id\":\"https:\\\/\\\/www.lacthosa.com\\\/en#website\"},\"primaryImageOfPage\":{\"@id\":\"https:\\\/\\\/www.lacthosa.com\\\/en\\\/we-are-honduran-hands#primaryimage\"},\"image\":{\"@id\":\"https:\\\/\\\/www.lacthosa.com\\\/en\\\/we-are-honduran-hands#primaryimage\"},\"thumbnailUrl\":\"https:\\\/\\\/www.lacthosa.com\\\/wp-content\\\/uploads\\\/2017\\\/12\\\/somos-manos-hondurenas.png\",\"datePublished\":\"2017-02-02T22:26:47+00:00\",\"dateModified\":\"2018-08-03T21:18:33+00:00\",\"description\":\"Somos una empresa 100% hondure\u00f1a: nuestra materia prima principal es fruto de la agricultura del pa\u00eds, la leche y las frutas, somos manos hondure\u00f1as.\",\"breadcrumb\":{\"@id\":\"https:\\\/\\\/www.lacthosa.com\\\/en\\\/we-are-honduran-hands#breadcrumb\"},\"inLanguage\":\"en-US\",\"potentialAction\":[{\"@type\":\"ReadAction\",\"target\":[\"https:\\\/\\\/www.lacthosa.com\\\/en\\\/we-are-honduran-hands\"]}]},{\"@type\":\"ImageObject\",\"inLanguage\":\"en-US\",\"@id\":\"https:\\\/\\\/www.lacthosa.com\\\/en\\\/we-are-honduran-hands#primaryimage\",\"url\":\"https:\\\/\\\/www.lacthosa.com\\\/wp-content\\\/uploads\\\/2017\\\/12\\\/somos-manos-hondurenas.png\",\"contentUrl\":\"https:\\\/\\\/www.lacthosa.com\\\/wp-content\\\/uploads\\\/2017\\\/12\\\/somos-manos-hondurenas.png\",\"width\":\"1907\",\"height\":\"920\"},{\"@type\":\"BreadcrumbList\",\"@id\":\"https:\\\/\\\/www.lacthosa.com\\\/en\\\/we-are-honduran-hands#breadcrumb\",\"itemListElement\":[{\"@type\":\"ListItem\",\"position\":1,\"name\":\"Portada\",\"item\":\"https:\\\/\\\/www.lacthosa.com\\\/en\"},{\"@type\":\"ListItem\",\"position\":2,\"name\":\"We are Honduran hands\"}]},{\"@type\":\"WebSite\",\"@id\":\"https:\\\/\\\/www.lacthosa.com\\\/en#website\",\"url\":\"https:\\\/\\\/www.lacthosa.com\\\/en\",\"name\":\"Lacthosa\",\"description\":\"\",\"publisher\":{\"@id\":\"https:\\\/\\\/www.lacthosa.com\\\/en#organization\"},\"potentialAction\":[{\"@type\":\"SearchAction\",\"target\":{\"@type\":\"EntryPoint\",\"urlTemplate\":\"https:\\\/\\\/www.lacthosa.com\\\/en?s={search_term_string}\"},\"query-input\":{\"@type\":\"PropertyValueSpecification\",\"valueRequired\":true,\"valueName\":\"search_term_string\"}}],\"inLanguage\":\"en-US\"},{\"@type\":\"Organization\",\"@id\":\"https:\\\/\\\/www.lacthosa.com\\\/en#organization\",\"name\":\"Lacthosa\",\"url\":\"https:\\\/\\\/www.lacthosa.com\\\/en\",\"logo\":{\"@type\":\"ImageObject\",\"inLanguage\":\"en-US\",\"@id\":\"https:\\\/\\\/www.lacthosa.com\\\/en#\\\/schema\\\/logo\\\/image\\\/\",\"url\":\"https:\\\/\\\/www.lacthosa.com\\\/wp-content\\\/uploads\\\/2015\\\/04\\\/noticias-schucry-kafie-logo-lacthosa.jpg\",\"contentUrl\":\"https:\\\/\\\/www.lacthosa.com\\\/wp-content\\\/uploads\\\/2015\\\/04\\\/noticias-schucry-kafie-logo-lacthosa.jpg\",\"width\":720,\"height\":397,\"caption\":\"Lacthosa\"},\"image\":{\"@id\":\"https:\\\/\\\/www.lacthosa.com\\\/en#\\\/schema\\\/logo\\\/image\\\/\"},\"sameAs\":[\"https:\\\/\\\/www.facebook.com\\\/lacthosa\\\/\",\"https:\\\/\\\/www.linkedin.com\\\/company\\\/lacthosa-s-a\",\"https:\\\/\\\/www.youtube.com\\\/channel\\\/UCYYBf13zwGqVjL3dXZBvGVw\"]}]}<\/script>\n<!-- \/ Yoast SEO plugin. -->","yoast_head_json":{"title":"Somos manos hondure\u00f1as | Lacthosa una empresa 100% hondure\u00f1a","description":"Somos una empresa 100% hondure\u00f1a: nuestra materia prima principal es fruto de la agricultura del pa\u00eds, la leche y las frutas, somos manos hondure\u00f1as.","robots":{"index":"index","follow":"follow","max-snippet":"max-snippet:-1","max-image-preview":"max-image-preview:large","max-video-preview":"max-video-preview:-1"},"canonical":"https:\/\/www.lacthosa.com\/en\/we-are-honduran-hands","og_locale":"en_US","og_type":"article","og_title":"Somos manos hondure\u00f1as | Lacthosa una empresa 100% hondure\u00f1a","og_description":"Somos una empresa 100% hondure\u00f1a: nuestra materia prima principal es fruto de la agricultura del pa\u00eds, la leche y las frutas, somos manos hondure\u00f1as.","og_url":"https:\/\/www.lacthosa.com\/en\/we-are-honduran-hands","og_site_name":"Lacthosa","article_publisher":"https:\/\/www.facebook.com\/lacthosa\/","article_modified_time":"2018-08-03T21:18:33+00:00","og_image":[{"width":1907,"height":920,"url":"https:\/\/www.lacthosa.com\/wp-content\/uploads\/2017\/12\/somos-manos-hondurenas.png","type":"image\/png"}],"twitter_card":"summary_large_image","twitter_title":"Somos manos hondure\u00f1as | Lacthosa una empresa 100% hondure\u00f1a","twitter_description":"Somos una empresa 100% hondure\u00f1a: nuestra materia prima principal es fruto de la agricultura del pa\u00eds, la leche y las frutas, somos manos hondure\u00f1as.","twitter_image":"https:\/\/www.lacthosa.com\/wp-content\/uploads\/2017\/12\/somos-manos-hondurenas.png","twitter_misc":{"Est. reading time":"2 minutes"},"schema":{"@context":"https:\/\/schema.org","@graph":[{"@type":"WebPage","@id":"https:\/\/www.lacthosa.com\/en\/we-are-honduran-hands","url":"https:\/\/www.lacthosa.com\/en\/we-are-honduran-hands","name":"Somos manos hondure\u00f1as | Lacthosa una empresa 100% hondure\u00f1a","isPartOf":{"@id":"https:\/\/www.lacthosa.com\/en#website"},"primaryImageOfPage":{"@id":"https:\/\/www.lacthosa.com\/en\/we-are-honduran-hands#primaryimage"},"image":{"@id":"https:\/\/www.lacthosa.com\/en\/we-are-honduran-hands#primaryimage"},"thumbnailUrl":"https:\/\/www.lacthosa.com\/wp-content\/uploads\/2017\/12\/somos-manos-hondurenas.png","datePublished":"2017-02-02T22:26:47+00:00","dateModified":"2018-08-03T21:18:33+00:00","description":"Somos una empresa 100% hondure\u00f1a: nuestra materia prima principal es fruto de la agricultura del pa\u00eds, la leche y las frutas, somos manos hondure\u00f1as.","breadcrumb":{"@id":"https:\/\/www.lacthosa.com\/en\/we-are-honduran-hands#breadcrumb"},"inLanguage":"en-US","potentialAction":[{"@type":"ReadAction","target":["https:\/\/www.lacthosa.com\/en\/we-are-honduran-hands"]}]},{"@type":"ImageObject","inLanguage":"en-US","@id":"https:\/\/www.lacthosa.com\/en\/we-are-honduran-hands#primaryimage","url":"https:\/\/www.lacthosa.com\/wp-content\/uploads\/2017\/12\/somos-manos-hondurenas.png","contentUrl":"https:\/\/www.lacthosa.com\/wp-content\/uploads\/2017\/12\/somos-manos-hondurenas.png","width":"1907","height":"920"},{"@type":"BreadcrumbList","@id":"https:\/\/www.lacthosa.com\/en\/we-are-honduran-hands#breadcrumb","itemListElement":[{"@type":"ListItem","position":1,"name":"Portada","item":"https:\/\/www.lacthosa.com\/en"},{"@type":"ListItem","position":2,"name":"We are Honduran hands"}]},{"@type":"WebSite","@id":"https:\/\/www.lacthosa.com\/en#website","url":"https:\/\/www.lacthosa.com\/en","name":"Lacthosa","description":"","publisher":{"@id":"https:\/\/www.lacthosa.com\/en#organization"},"potentialAction":[{"@type":"SearchAction","target":{"@type":"EntryPoint","urlTemplate":"https:\/\/www.lacthosa.com\/en?s={search_term_string}"},"query-input":{"@type":"PropertyValueSpecification","valueRequired":true,"valueName":"search_term_string"}}],"inLanguage":"en-US"},{"@type":"Organization","@id":"https:\/\/www.lacthosa.com\/en#organization","name":"Lacthosa","url":"https:\/\/www.lacthosa.com\/en","logo":{"@type":"ImageObject","inLanguage":"en-US","@id":"https:\/\/www.lacthosa.com\/en#\/schema\/logo\/image\/","url":"https:\/\/www.lacthosa.com\/wp-content\/uploads\/2015\/04\/noticias-schucry-kafie-logo-lacthosa.jpg","contentUrl":"https:\/\/www.lacthosa.com\/wp-content\/uploads\/2015\/04\/noticias-schucry-kafie-logo-lacthosa.jpg","width":720,"height":397,"caption":"Lacthosa"},"image":{"@id":"https:\/\/www.lacthosa.com\/en#\/schema\/logo\/image\/"},"sameAs":["https:\/\/www.facebook.com\/lacthosa\/","https:\/\/www.linkedin.com\/company\/lacthosa-s-a","https:\/\/www.youtube.com\/channel\/UCYYBf13zwGqVjL3dXZBvGVw"]}]}},"_links":{"self":[{"href":"https:\/\/www.lacthosa.com\/en\/wp-json\/wp\/v2\/pages\/19695","targetHints":{"allow":["GET"]}}],"collection":[{"href":"https:\/\/www.lacthosa.com\/en\/wp-json\/wp\/v2\/pages"}],"about":[{"href":"https:\/\/www.lacthosa.com\/en\/wp-json\/wp\/v2\/types\/page"}],"author":[{"embeddable":true,"href":"https:\/\/www.lacthosa.com\/en\/wp-json\/wp\/v2\/users\/8"}],"replies":[{"embeddable":true,"href":"https:\/\/www.lacthosa.com\/en\/wp-json\/wp\/v2\/comments?post=19695"}],"version-history":[{"count":0,"href":"https:\/\/www.lacthosa.com\/en\/wp-json\/wp\/v2\/pages\/19695\/revisions"}],"wp:featuredmedia":[{"embeddable":true,"href":"https:\/\/www.lacthosa.com\/en\/wp-json\/wp\/v2\/media\/19053"}],"wp:attachment":[{"href":"https:\/\/www.lacthosa.com\/en\/wp-json\/wp\/v2\/media?parent=19695"}],"curies":[{"name":"wp","href":"https:\/\/api.w.org\/{rel}","templated":true}]}}