{"id":19684,"date":"2017-02-13T15:27:46","date_gmt":"2017-02-13T15:27:46","guid":{"rendered":"https:\/\/www.lacthosa.com\/brands\/ceteco"},"modified":"2018-08-03T13:39:44","modified_gmt":"2018-08-03T19:39:44","slug":"ceteco","status":"publish","type":"page","link":"https:\/\/www.lacthosa.com\/en\/brands\/ceteco","title":{"rendered":"Ceteco"},"content":{"rendered":"<div class=\"wpb-content-wrapper\"><div id=\"vc_row-69f0b292c33f1\" class=\"vc_row wpb_row vc_row-fluid vc_row-o-equal-height vc_row-o-content-middle vc_row-flex\"><div class=\"wpb_column vc_column_container vc_col-sm-4\"><div class=\"vc_column-inner \"><div class=\"wpb_wrapper\">\r\n\t\r\n\t<div  class=\"wpb_single_image wpb_content_element vc_align_center   lacthosa-brand-img\" >\r\n\t\t\r\n\t\t<figure class=\"wpb_wrapper vc_figure\">\r\n\t\t\t<div class=\"vc_single_image-wrapper   vc_box_border_grey\"><img width=\"700\" height=\"700\" src=\"https:\/\/www.lacthosa.com\/wp-content\/uploads\/2017\/01\/lacthosa-nuestras-marcas-logo-ceteco.png\" class=\"vc_single_image-img attachment-full\" alt=\"\" title=\"Marcas Lacthosa - Logo Ceteco\" srcset=\"https:\/\/www.lacthosa.com\/wp-content\/uploads\/2017\/01\/lacthosa-nuestras-marcas-logo-ceteco.png 700w, https:\/\/www.lacthosa.com\/wp-content\/uploads\/2017\/01\/lacthosa-nuestras-marcas-logo-ceteco-150x150.png 150w, https:\/\/www.lacthosa.com\/wp-content\/uploads\/2017\/01\/lacthosa-nuestras-marcas-logo-ceteco-300x300.png 300w, https:\/\/www.lacthosa.com\/wp-content\/uploads\/2017\/01\/lacthosa-nuestras-marcas-logo-ceteco-256x256.png 256w, https:\/\/www.lacthosa.com\/wp-content\/uploads\/2017\/01\/lacthosa-nuestras-marcas-logo-ceteco-24x24.png 24w, https:\/\/www.lacthosa.com\/wp-content\/uploads\/2017\/01\/lacthosa-nuestras-marcas-logo-ceteco-36x36.png 36w, https:\/\/www.lacthosa.com\/wp-content\/uploads\/2017\/01\/lacthosa-nuestras-marcas-logo-ceteco-48x48.png 48w\" sizes=\"(max-width: 700px) 100vw, 700px\" \/><\/div>\r\n\t\t<\/figure>\r\n\t<\/div>\r\n\t\r\n<\/div><\/div><\/div><div class=\"wpb_column vc_column_container vc_col-sm-8\"><div class=\"vc_column-inner \"><div class=\"wpb_wrapper\">\r\n\t\r\n\t\t<div class=\"wpb_text_column wpb_content_element  thegem-vc-text thegem-custom-69f0b292d48d3720\"  >\r\n\t\t\t<div class=\"wpb_wrapper\">\r\n\t\t\t\t<p style=\"text-align: center;\">We are a leading company in the dairy industry as we manufacture, pack and distribute powdered milk; with the necessary equipment to process milk with high standards of quality, achieving the satisfaction of our clients.<\/p>\n<p style=\"text-align: center;\">We prepare highly qualified and motivated collaborators that takes place a pleasant working environment, acting with Corporate Social Responsibility with regards to the local communities, always respecting the environment.<\/p>\n\r\n\t\t\t<\/div>\r\n\t\t\t<style>@media screen and (max-width: 1023px) {.thegem-vc-text.thegem-custom-69f0b292d48d3720{display: block!important;}}@media screen and (max-width: 767px) {.thegem-vc-text.thegem-custom-69f0b292d48d3720{display: block!important;}}@media screen and (max-width: 1023px) {.thegem-vc-text.thegem-custom-69f0b292d48d3720{position: relative !important;}}@media screen and (max-width: 767px) {.thegem-vc-text.thegem-custom-69f0b292d48d3720{position: relative !important;}}<\/style>\r\n\t\t<\/div>\r\n\t\r\n<div class=\"vc_btn3-container  lacthosa-marcas-btn  wpb_animate_when_almost_visible wpb_fadeInUp fadeInUp vc_btn3-center vc_do_btn\" ><a class=\"vc_general vc_btn3 vc_btn3-size-lg vc_btn3-shape-rounded vc_btn3-style-classic vc_btn3-block vc_btn3-color-primary\" href=\"http:\/\/www.mundoceteco.com\/\" title=\"\" target=\"_blank\">Go to mundoceteco.com<\/a><\/div><\/div><\/div><\/div><\/div><div id=\"vc_row-69f0b292d4fbb\" class=\"vc_row wpb_row vc_row-fluid\"><div class=\"wpb_column vc_column_container vc_col-sm-12\"><div class=\"vc_column-inner \"><div class=\"wpb_wrapper\">\r\n\t\r\n\t<div  class=\"wpb_single_image wpb_content_element vc_align_center\" >\r\n\t\t\r\n\t\t<figure class=\"wpb_wrapper vc_figure\">\r\n\t\t\t<div class=\"vc_single_image-wrapper   vc_box_border_grey\"><img width=\"1200\" height=\"421\" src=\"https:\/\/www.lacthosa.com\/wp-content\/uploads\/2017\/02\/lacthosa-bodegon-ceteco.jpg\" class=\"vc_single_image-img attachment-full\" alt=\"\" title=\"lacthosa-bodegon-ceteco\" srcset=\"https:\/\/www.lacthosa.com\/wp-content\/uploads\/2017\/02\/lacthosa-bodegon-ceteco.jpg 1200w, https:\/\/www.lacthosa.com\/wp-content\/uploads\/2017\/02\/lacthosa-bodegon-ceteco-300x105.jpg 300w, https:\/\/www.lacthosa.com\/wp-content\/uploads\/2017\/02\/lacthosa-bodegon-ceteco-768x269.jpg 768w, https:\/\/www.lacthosa.com\/wp-content\/uploads\/2017\/02\/lacthosa-bodegon-ceteco-1024x359.jpg 1024w, https:\/\/www.lacthosa.com\/wp-content\/uploads\/2017\/02\/lacthosa-bodegon-ceteco-24x8.jpg 24w, https:\/\/www.lacthosa.com\/wp-content\/uploads\/2017\/02\/lacthosa-bodegon-ceteco-36x13.jpg 36w, https:\/\/www.lacthosa.com\/wp-content\/uploads\/2017\/02\/lacthosa-bodegon-ceteco-48x17.jpg 48w\" sizes=\"(max-width: 1200px) 100vw, 1200px\" \/><\/div>\r\n\t\t<\/figure>\r\n\t<\/div>\r\n\t\r\n<\/div><\/div><\/div><\/div><div id=\"vc_row-69f0b292d5f9e\" class=\"vc_row wpb_row vc_row-fluid\"><div class=\"wpb_column vc_column_container vc_col-sm-12\"><div class=\"vc_column-inner \"><div class=\"wpb_wrapper\"><div class=\"vc_empty_space\"   style=\"height: 32px\"><span class=\"vc_empty_space_inner\"><\/span><\/div><\/div><\/div><\/div><\/div>\n<\/div>","protected":false},"excerpt":{"rendered":"","protected":false},"author":8,"featured_media":18109,"parent":19673,"menu_order":0,"comment_status":"closed","ping_status":"closed","template":"","meta":{"_monsterinsights_skip_tracking":false,"_monsterinsights_sitenote_active":false,"_monsterinsights_sitenote_note":"","_monsterinsights_sitenote_category":0,"footnotes":""},"class_list":["post-19684","page","type-page","status-publish","has-post-thumbnail"],"acf":[],"yoast_head":"<!-- This site is optimized with the Yoast SEO plugin v27.5 - https:\/\/yoast.com\/product\/yoast-seo-wordpress\/ -->\n<title>Ceteco empresa l\u00edder en la industria de l\u00e1cteos en polvo<\/title>\n<meta name=\"description\" content=\"Ceteco es la empresa hondure\u00f1a l\u00edder en la industria de l\u00e1cteos ya que fabrican, envasan y distribuyen leche en polvo con est\u00e1ndares de alta calidad.\" \/>\n<meta name=\"robots\" content=\"index, follow, max-snippet:-1, max-image-preview:large, max-video-preview:-1\" \/>\n<link rel=\"canonical\" href=\"https:\/\/www.lacthosa.com\/en\/brands\/ceteco\" \/>\n<meta property=\"og:locale\" content=\"en_US\" \/>\n<meta property=\"og:type\" content=\"article\" \/>\n<meta property=\"og:title\" content=\"Ceteco empresa l\u00edder en la industria de l\u00e1cteos en polvo\" \/>\n<meta property=\"og:description\" content=\"Ceteco es la empresa hondure\u00f1a l\u00edder en la industria de l\u00e1cteos ya que fabrican, envasan y distribuyen leche en polvo con est\u00e1ndares de alta calidad.\" \/>\n<meta property=\"og:url\" content=\"https:\/\/www.lacthosa.com\/en\/brands\/ceteco\" \/>\n<meta property=\"og:site_name\" content=\"Lacthosa\" \/>\n<meta property=\"article:publisher\" content=\"https:\/\/www.facebook.com\/lacthosa\/\" \/>\n<meta property=\"article:modified_time\" content=\"2018-08-03T19:39:44+00:00\" \/>\n<meta property=\"og:image\" content=\"https:\/\/www.lacthosa.com\/wp-content\/uploads\/2017\/01\/lacthosa-nuestras-marcas-logo-ceteco.png\" \/>\n\t<meta property=\"og:image:width\" content=\"700\" \/>\n\t<meta property=\"og:image:height\" content=\"700\" \/>\n\t<meta property=\"og:image:type\" content=\"image\/png\" \/>\n<meta name=\"twitter:card\" content=\"summary_large_image\" \/>\n<meta name=\"twitter:title\" content=\"Ceteco empresa l\u00edder en la industria de l\u00e1cteos en polvo\" \/>\n<meta name=\"twitter:description\" content=\"Ceteco es la empresa hondure\u00f1a l\u00edder en la industria de l\u00e1cteos ya que fabrican, envasan y distribuyen leche en polvo con est\u00e1ndares de alta calidad.\" \/>\n<meta name=\"twitter:image\" content=\"https:\/\/www.lacthosa.com\/wp-content\/uploads\/2017\/01\/lacthosa-nuestras-marcas-logo-ceteco.png\" \/>\n<meta name=\"twitter:label1\" content=\"Est. reading time\" \/>\n\t<meta name=\"twitter:data1\" content=\"1 minute\" \/>\n<script type=\"application\/ld+json\" class=\"yoast-schema-graph\">{\"@context\":\"https:\\\/\\\/schema.org\",\"@graph\":[{\"@type\":\"WebPage\",\"@id\":\"https:\\\/\\\/www.lacthosa.com\\\/en\\\/brands\\\/ceteco\",\"url\":\"https:\\\/\\\/www.lacthosa.com\\\/en\\\/brands\\\/ceteco\",\"name\":\"Ceteco empresa l\u00edder en la industria de l\u00e1cteos en polvo\",\"isPartOf\":{\"@id\":\"https:\\\/\\\/www.lacthosa.com\\\/en#website\"},\"primaryImageOfPage\":{\"@id\":\"https:\\\/\\\/www.lacthosa.com\\\/en\\\/brands\\\/ceteco#primaryimage\"},\"image\":{\"@id\":\"https:\\\/\\\/www.lacthosa.com\\\/en\\\/brands\\\/ceteco#primaryimage\"},\"thumbnailUrl\":\"https:\\\/\\\/www.lacthosa.com\\\/wp-content\\\/uploads\\\/2017\\\/01\\\/lacthosa-nuestras-marcas-logo-ceteco.png\",\"datePublished\":\"2017-02-13T15:27:46+00:00\",\"dateModified\":\"2018-08-03T19:39:44+00:00\",\"description\":\"Ceteco es la empresa hondure\u00f1a l\u00edder en la industria de l\u00e1cteos ya que fabrican, envasan y distribuyen leche en polvo con est\u00e1ndares de alta calidad.\",\"breadcrumb\":{\"@id\":\"https:\\\/\\\/www.lacthosa.com\\\/en\\\/brands\\\/ceteco#breadcrumb\"},\"inLanguage\":\"en-US\",\"potentialAction\":[{\"@type\":\"ReadAction\",\"target\":[\"https:\\\/\\\/www.lacthosa.com\\\/en\\\/brands\\\/ceteco\"]}]},{\"@type\":\"ImageObject\",\"inLanguage\":\"en-US\",\"@id\":\"https:\\\/\\\/www.lacthosa.com\\\/en\\\/brands\\\/ceteco#primaryimage\",\"url\":\"https:\\\/\\\/www.lacthosa.com\\\/wp-content\\\/uploads\\\/2017\\\/01\\\/lacthosa-nuestras-marcas-logo-ceteco.png\",\"contentUrl\":\"https:\\\/\\\/www.lacthosa.com\\\/wp-content\\\/uploads\\\/2017\\\/01\\\/lacthosa-nuestras-marcas-logo-ceteco.png\",\"width\":700,\"height\":700},{\"@type\":\"BreadcrumbList\",\"@id\":\"https:\\\/\\\/www.lacthosa.com\\\/en\\\/brands\\\/ceteco#breadcrumb\",\"itemListElement\":[{\"@type\":\"ListItem\",\"position\":1,\"name\":\"Portada\",\"item\":\"https:\\\/\\\/www.lacthosa.com\\\/en\"},{\"@type\":\"ListItem\",\"position\":2,\"name\":\"Brands\",\"item\":\"https:\\\/\\\/www.lacthosa.com\\\/en\\\/brands\"},{\"@type\":\"ListItem\",\"position\":3,\"name\":\"Ceteco\"}]},{\"@type\":\"WebSite\",\"@id\":\"https:\\\/\\\/www.lacthosa.com\\\/en#website\",\"url\":\"https:\\\/\\\/www.lacthosa.com\\\/en\",\"name\":\"Lacthosa\",\"description\":\"\",\"publisher\":{\"@id\":\"https:\\\/\\\/www.lacthosa.com\\\/en#organization\"},\"potentialAction\":[{\"@type\":\"SearchAction\",\"target\":{\"@type\":\"EntryPoint\",\"urlTemplate\":\"https:\\\/\\\/www.lacthosa.com\\\/en?s={search_term_string}\"},\"query-input\":{\"@type\":\"PropertyValueSpecification\",\"valueRequired\":true,\"valueName\":\"search_term_string\"}}],\"inLanguage\":\"en-US\"},{\"@type\":\"Organization\",\"@id\":\"https:\\\/\\\/www.lacthosa.com\\\/en#organization\",\"name\":\"Lacthosa\",\"url\":\"https:\\\/\\\/www.lacthosa.com\\\/en\",\"logo\":{\"@type\":\"ImageObject\",\"inLanguage\":\"en-US\",\"@id\":\"https:\\\/\\\/www.lacthosa.com\\\/en#\\\/schema\\\/logo\\\/image\\\/\",\"url\":\"https:\\\/\\\/www.lacthosa.com\\\/wp-content\\\/uploads\\\/2015\\\/04\\\/noticias-schucry-kafie-logo-lacthosa.jpg\",\"contentUrl\":\"https:\\\/\\\/www.lacthosa.com\\\/wp-content\\\/uploads\\\/2015\\\/04\\\/noticias-schucry-kafie-logo-lacthosa.jpg\",\"width\":720,\"height\":397,\"caption\":\"Lacthosa\"},\"image\":{\"@id\":\"https:\\\/\\\/www.lacthosa.com\\\/en#\\\/schema\\\/logo\\\/image\\\/\"},\"sameAs\":[\"https:\\\/\\\/www.facebook.com\\\/lacthosa\\\/\",\"https:\\\/\\\/www.linkedin.com\\\/company\\\/lacthosa-s-a\",\"https:\\\/\\\/www.youtube.com\\\/channel\\\/UCYYBf13zwGqVjL3dXZBvGVw\"]}]}<\/script>\n<!-- \/ Yoast SEO plugin. -->","yoast_head_json":{"title":"Ceteco empresa l\u00edder en la industria de l\u00e1cteos en polvo","description":"Ceteco es la empresa hondure\u00f1a l\u00edder en la industria de l\u00e1cteos ya que fabrican, envasan y distribuyen leche en polvo con est\u00e1ndares de alta calidad.","robots":{"index":"index","follow":"follow","max-snippet":"max-snippet:-1","max-image-preview":"max-image-preview:large","max-video-preview":"max-video-preview:-1"},"canonical":"https:\/\/www.lacthosa.com\/en\/brands\/ceteco","og_locale":"en_US","og_type":"article","og_title":"Ceteco empresa l\u00edder en la industria de l\u00e1cteos en polvo","og_description":"Ceteco es la empresa hondure\u00f1a l\u00edder en la industria de l\u00e1cteos ya que fabrican, envasan y distribuyen leche en polvo con est\u00e1ndares de alta calidad.","og_url":"https:\/\/www.lacthosa.com\/en\/brands\/ceteco","og_site_name":"Lacthosa","article_publisher":"https:\/\/www.facebook.com\/lacthosa\/","article_modified_time":"2018-08-03T19:39:44+00:00","og_image":[{"width":700,"height":700,"url":"https:\/\/www.lacthosa.com\/wp-content\/uploads\/2017\/01\/lacthosa-nuestras-marcas-logo-ceteco.png","type":"image\/png"}],"twitter_card":"summary_large_image","twitter_title":"Ceteco empresa l\u00edder en la industria de l\u00e1cteos en polvo","twitter_description":"Ceteco es la empresa hondure\u00f1a l\u00edder en la industria de l\u00e1cteos ya que fabrican, envasan y distribuyen leche en polvo con est\u00e1ndares de alta calidad.","twitter_image":"https:\/\/www.lacthosa.com\/wp-content\/uploads\/2017\/01\/lacthosa-nuestras-marcas-logo-ceteco.png","twitter_misc":{"Est. reading time":"1 minute"},"schema":{"@context":"https:\/\/schema.org","@graph":[{"@type":"WebPage","@id":"https:\/\/www.lacthosa.com\/en\/brands\/ceteco","url":"https:\/\/www.lacthosa.com\/en\/brands\/ceteco","name":"Ceteco empresa l\u00edder en la industria de l\u00e1cteos en polvo","isPartOf":{"@id":"https:\/\/www.lacthosa.com\/en#website"},"primaryImageOfPage":{"@id":"https:\/\/www.lacthosa.com\/en\/brands\/ceteco#primaryimage"},"image":{"@id":"https:\/\/www.lacthosa.com\/en\/brands\/ceteco#primaryimage"},"thumbnailUrl":"https:\/\/www.lacthosa.com\/wp-content\/uploads\/2017\/01\/lacthosa-nuestras-marcas-logo-ceteco.png","datePublished":"2017-02-13T15:27:46+00:00","dateModified":"2018-08-03T19:39:44+00:00","description":"Ceteco es la empresa hondure\u00f1a l\u00edder en la industria de l\u00e1cteos ya que fabrican, envasan y distribuyen leche en polvo con est\u00e1ndares de alta calidad.","breadcrumb":{"@id":"https:\/\/www.lacthosa.com\/en\/brands\/ceteco#breadcrumb"},"inLanguage":"en-US","potentialAction":[{"@type":"ReadAction","target":["https:\/\/www.lacthosa.com\/en\/brands\/ceteco"]}]},{"@type":"ImageObject","inLanguage":"en-US","@id":"https:\/\/www.lacthosa.com\/en\/brands\/ceteco#primaryimage","url":"https:\/\/www.lacthosa.com\/wp-content\/uploads\/2017\/01\/lacthosa-nuestras-marcas-logo-ceteco.png","contentUrl":"https:\/\/www.lacthosa.com\/wp-content\/uploads\/2017\/01\/lacthosa-nuestras-marcas-logo-ceteco.png","width":700,"height":700},{"@type":"BreadcrumbList","@id":"https:\/\/www.lacthosa.com\/en\/brands\/ceteco#breadcrumb","itemListElement":[{"@type":"ListItem","position":1,"name":"Portada","item":"https:\/\/www.lacthosa.com\/en"},{"@type":"ListItem","position":2,"name":"Brands","item":"https:\/\/www.lacthosa.com\/en\/brands"},{"@type":"ListItem","position":3,"name":"Ceteco"}]},{"@type":"WebSite","@id":"https:\/\/www.lacthosa.com\/en#website","url":"https:\/\/www.lacthosa.com\/en","name":"Lacthosa","description":"","publisher":{"@id":"https:\/\/www.lacthosa.com\/en#organization"},"potentialAction":[{"@type":"SearchAction","target":{"@type":"EntryPoint","urlTemplate":"https:\/\/www.lacthosa.com\/en?s={search_term_string}"},"query-input":{"@type":"PropertyValueSpecification","valueRequired":true,"valueName":"search_term_string"}}],"inLanguage":"en-US"},{"@type":"Organization","@id":"https:\/\/www.lacthosa.com\/en#organization","name":"Lacthosa","url":"https:\/\/www.lacthosa.com\/en","logo":{"@type":"ImageObject","inLanguage":"en-US","@id":"https:\/\/www.lacthosa.com\/en#\/schema\/logo\/image\/","url":"https:\/\/www.lacthosa.com\/wp-content\/uploads\/2015\/04\/noticias-schucry-kafie-logo-lacthosa.jpg","contentUrl":"https:\/\/www.lacthosa.com\/wp-content\/uploads\/2015\/04\/noticias-schucry-kafie-logo-lacthosa.jpg","width":720,"height":397,"caption":"Lacthosa"},"image":{"@id":"https:\/\/www.lacthosa.com\/en#\/schema\/logo\/image\/"},"sameAs":["https:\/\/www.facebook.com\/lacthosa\/","https:\/\/www.linkedin.com\/company\/lacthosa-s-a","https:\/\/www.youtube.com\/channel\/UCYYBf13zwGqVjL3dXZBvGVw"]}]}},"_links":{"self":[{"href":"https:\/\/www.lacthosa.com\/en\/wp-json\/wp\/v2\/pages\/19684","targetHints":{"allow":["GET"]}}],"collection":[{"href":"https:\/\/www.lacthosa.com\/en\/wp-json\/wp\/v2\/pages"}],"about":[{"href":"https:\/\/www.lacthosa.com\/en\/wp-json\/wp\/v2\/types\/page"}],"author":[{"embeddable":true,"href":"https:\/\/www.lacthosa.com\/en\/wp-json\/wp\/v2\/users\/8"}],"replies":[{"embeddable":true,"href":"https:\/\/www.lacthosa.com\/en\/wp-json\/wp\/v2\/comments?post=19684"}],"version-history":[{"count":0,"href":"https:\/\/www.lacthosa.com\/en\/wp-json\/wp\/v2\/pages\/19684\/revisions"}],"up":[{"embeddable":true,"href":"https:\/\/www.lacthosa.com\/en\/wp-json\/wp\/v2\/pages\/19673"}],"wp:featuredmedia":[{"embeddable":true,"href":"https:\/\/www.lacthosa.com\/en\/wp-json\/wp\/v2\/media\/18109"}],"wp:attachment":[{"href":"https:\/\/www.lacthosa.com\/en\/wp-json\/wp\/v2\/media?parent=19684"}],"curies":[{"name":"wp","href":"https:\/\/api.w.org\/{rel}","templated":true}]}}